{"id":4010,"date":"2021-03-10T19:20:44","date_gmt":"2021-03-10T18:20:44","guid":{"rendered":"https:\/\/nziria.com\/?page_id=4010"},"modified":"2026-05-03T18:03:45","modified_gmt":"2026-05-03T16:03:45","slug":"merchandising","status":"publish","type":"page","link":"https:\/\/nziria.com\/it\/merchandising\/","title":{"rendered":"MERCHANDISING"},"content":{"rendered":"<div id=\"pl-4010\"  class=\"panel-layout\" ><div id=\"pg-4010-0\"  class=\"panel-grid panel-no-style\" ><div id=\"pgc-4010-0-0\"  class=\"panel-grid-cell\" ><div id=\"panel-4010-0-0-0\" class=\"so-panel widget widget_sow-editor panel-first-child panel-last-child\" data-index=\"0\" ><div\n\t\t\t\n\t\t\tclass=\"so-widget-sow-editor so-widget-sow-editor-base\"\n\t\t\t\n\t\t>\n<div class=\"siteorigin-widget-tinymce textwidget\">\n\t<p style=\"text-align: center;\"><a href=\"https:\/\/nziria.com\/tshirtnziria\/\" target=\"_blank\" rel=\"noopener\"><img loading=\"lazy\" decoding=\"async\" class=\"alignnone wp-image-8947 size-large\" src=\"https:\/\/nziria.com\/wp-content\/uploads\/2024\/10\/NZIRIA-BEER-T-SHIRT--1024x1024.jpg\" alt=\"NZIRIA Merchandising official cultural t-shirt\" width=\"640\" height=\"640\" srcset=\"https:\/\/nziria.com\/wp-content\/uploads\/2024\/10\/NZIRIA-BEER-T-SHIRT--1024x1024.jpg 1024w, https:\/\/nziria.com\/wp-content\/uploads\/2024\/10\/NZIRIA-BEER-T-SHIRT--300x300.jpg 300w, https:\/\/nziria.com\/wp-content\/uploads\/2024\/10\/NZIRIA-BEER-T-SHIRT--150x150.jpg 150w, https:\/\/nziria.com\/wp-content\/uploads\/2024\/10\/NZIRIA-BEER-T-SHIRT--768x768.jpg 768w, https:\/\/nziria.com\/wp-content\/uploads\/2024\/10\/NZIRIA-BEER-T-SHIRT--12x12.jpg 12w, https:\/\/nziria.com\/wp-content\/uploads\/2024\/10\/NZIRIA-BEER-T-SHIRT-.jpg 1080w\" sizes=\"auto, (max-width: 640px) 100vw, 640px\" \/><\/a><\/p>\n<\/div>\n<\/div><\/div><\/div><div id=\"pgc-4010-0-1\"  class=\"panel-grid-cell\" ><div id=\"panel-4010-0-1-0\" class=\"so-panel widget widget_sow-editor panel-first-child panel-last-child\" data-index=\"1\" ><div\n\t\t\t\n\t\t\tclass=\"so-widget-sow-editor so-widget-sow-editor-base\"\n\t\t\t\n\t\t>\n<div class=\"siteorigin-widget-tinymce textwidget\">\n\t<p style=\"text-align: center;\"><a href=\"https:\/\/nziria.com\/beer\/\" target=\"_blank\" rel=\"noopener\"><img loading=\"lazy\" decoding=\"async\" class=\"alignnone wp-image-8786 size-large\" src=\"https:\/\/nziria.com\/wp-content\/uploads\/2024\/10\/ORDER-Now-1024x1024.jpg\" alt=\"Official NZIRIA Merchandising products of NZIRIA Cultural Association\" width=\"640\" height=\"640\" srcset=\"https:\/\/nziria.com\/wp-content\/uploads\/2024\/10\/ORDER-Now-1024x1024.jpg 1024w, https:\/\/nziria.com\/wp-content\/uploads\/2024\/10\/ORDER-Now-300x300.jpg 300w, https:\/\/nziria.com\/wp-content\/uploads\/2024\/10\/ORDER-Now-150x150.jpg 150w, https:\/\/nziria.com\/wp-content\/uploads\/2024\/10\/ORDER-Now-768x768.jpg 768w, https:\/\/nziria.com\/wp-content\/uploads\/2024\/10\/ORDER-Now-12x12.jpg 12w, https:\/\/nziria.com\/wp-content\/uploads\/2024\/10\/ORDER-Now.jpg 1080w\" sizes=\"auto, (max-width: 640px) 100vw, 640px\" \/><\/a><\/p>\n<\/div>\n<\/div><\/div><\/div><\/div><div id=\"pg-4010-1\"  class=\"panel-grid panel-no-style\" ><div id=\"pgc-4010-1-0\"  class=\"panel-grid-cell\" ><div id=\"panel-4010-1-0-0\" class=\"so-panel widget widget_text panel-first-child panel-last-child\" data-index=\"2\" ><h3 class=\"widget-title\">Prodotti e merchandising ufficiali di NZIRIA<\/h3>\t\t\t<div class=\"textwidget\"><p data-start=\"765\" data-end=\"950\">NZIRIA Merchandising \u00e8 la collezione ufficiale di prodotti a marchio NZIRIA\u00ae creata dall&#039;Associazione Culturale NZIRIA a supporto della cultura indipendente, degli eventi musicali e dei progetti creativi per la comunit\u00e0. Ogni articolo ufficiale NZIRIA rappresenta pi\u00f9 di un semplice gadget: \u00e8 un segno tangibile di appartenenza alla rete NZIRIA e un contributo diretto alla crescita delle iniziative artistiche, dei media editoriali e delle esperienze sociali sviluppate dall&#039;associazione.<\/p>\n<\/div>\n\t\t<\/div><\/div><\/div><\/div>","protected":false},"excerpt":{"rendered":"<p>NZIRIA Merchandising is the official collection of branded products created by NZIRIA\u00ae Cultural Association to<\/p>","protected":false},"author":1,"featured_media":0,"parent":0,"menu_order":0,"comment_status":"closed","ping_status":"closed","template":"","meta":{"footnotes":""},"class_list":["post-4010","page","type-page","status-publish","hentry"],"yoast_head":"<!-- This site is optimized with the Yoast SEO plugin v27.6 - https:\/\/yoast.com\/product\/yoast-seo-wordpress\/ -->\n<title>NZIRIA Merchandising | Official NZIRIA\u00ae Cultural Products<\/title>\n<meta name=\"description\" content=\"NZIRIA Merchandising offers official products supporting music events, cultural projects and the independent NZIRIA community.\" \/>\n<meta name=\"robots\" content=\"index, follow, max-snippet:-1, max-image-preview:large, max-video-preview:-1\" \/>\n<link rel=\"canonical\" href=\"https:\/\/nziria.com\/it\/merchandising\/\" \/>\n<meta property=\"og:locale\" content=\"it_IT\" \/>\n<meta property=\"og:type\" content=\"article\" \/>\n<meta property=\"og:title\" content=\"NZIRIA Merchandising | Official NZIRIA Products\" \/>\n<meta property=\"og:description\" content=\"NZIRIA Merchandising offers official products supporting music events, cultural projects and the independent NZIRIA community.\" \/>\n<meta property=\"og:url\" content=\"https:\/\/nziria.com\/it\/merchandising\/\" \/>\n<meta property=\"og:site_name\" content=\"NZIRIA\u00ae\" \/>\n<meta property=\"article:publisher\" content=\"https:\/\/www.facebook.com\/nziriagroup\" \/>\n<meta property=\"article:modified_time\" content=\"2026-05-03T16:03:45+00:00\" \/>\n<meta property=\"og:image\" content=\"https:\/\/nziria.com\/wp-content\/uploads\/2024\/10\/NZIRIA-BEER-T-SHIRT-.jpg\" \/>\n\t<meta property=\"og:image:width\" content=\"1080\" \/>\n\t<meta property=\"og:image:height\" content=\"1080\" \/>\n\t<meta property=\"og:image:type\" content=\"image\/jpeg\" \/>\n<meta name=\"twitter:card\" content=\"summary_large_image\" \/>\n<meta name=\"twitter:title\" content=\"NZIRIA Merchandising | Official NZIRIA Products\" \/>\n<meta name=\"twitter:description\" content=\"NZIRIA Merchandising offers official products supporting music events, cultural projects and the independent NZIRIA community.\" \/>\n<meta name=\"twitter:image\" content=\"https:\/\/nziria.com\/wp-content\/uploads\/2024\/10\/NZIRIA-BEER-T-SHIRT-.jpg\" \/>\n<meta name=\"twitter:site\" content=\"@NZIRIAgroup\" \/>\n<meta name=\"twitter:label1\" content=\"Tempo di lettura stimato\" \/>\n\t<meta name=\"twitter:data1\" content=\"1 minuto\" \/>\n<script type=\"application\/ld+json\" class=\"yoast-schema-graph\">{\"@context\":\"https:\\\/\\\/schema.org\",\"@graph\":[{\"@type\":\"WebPage\",\"@id\":\"https:\\\/\\\/nziria.com\\\/merchandising\\\/\",\"url\":\"https:\\\/\\\/nziria.com\\\/merchandising\\\/\",\"name\":\"NZIRIA Merchandising | Official NZIRIA\u00ae Cultural Products\",\"isPartOf\":{\"@id\":\"https:\\\/\\\/nziria.com\\\/#website\"},\"primaryImageOfPage\":{\"@id\":\"https:\\\/\\\/nziria.com\\\/merchandising\\\/#primaryimage\"},\"image\":{\"@id\":\"https:\\\/\\\/nziria.com\\\/merchandising\\\/#primaryimage\"},\"thumbnailUrl\":\"https:\\\/\\\/nziria.com\\\/wp-content\\\/uploads\\\/2024\\\/10\\\/NZIRIA-BEER-T-SHIRT--1024x1024.jpg\",\"datePublished\":\"2021-03-10T18:20:44+00:00\",\"dateModified\":\"2026-05-03T16:03:45+00:00\",\"description\":\"NZIRIA Merchandising offers official products supporting music events, cultural projects and the independent NZIRIA community.\",\"breadcrumb\":{\"@id\":\"https:\\\/\\\/nziria.com\\\/merchandising\\\/#breadcrumb\"},\"inLanguage\":\"it-IT\",\"potentialAction\":[{\"@type\":\"ReadAction\",\"target\":[\"https:\\\/\\\/nziria.com\\\/merchandising\\\/\"]}]},{\"@type\":\"ImageObject\",\"inLanguage\":\"it-IT\",\"@id\":\"https:\\\/\\\/nziria.com\\\/merchandising\\\/#primaryimage\",\"url\":\"https:\\\/\\\/nziria.com\\\/wp-content\\\/uploads\\\/2024\\\/10\\\/NZIRIA-BEER-T-SHIRT--1024x1024.jpg\",\"contentUrl\":\"https:\\\/\\\/nziria.com\\\/wp-content\\\/uploads\\\/2024\\\/10\\\/NZIRIA-BEER-T-SHIRT--1024x1024.jpg\"},{\"@type\":\"BreadcrumbList\",\"@id\":\"https:\\\/\\\/nziria.com\\\/merchandising\\\/#breadcrumb\",\"itemListElement\":[{\"@type\":\"ListItem\",\"position\":1,\"name\":\"Home\",\"item\":\"https:\\\/\\\/nziria.com\\\/\"},{\"@type\":\"ListItem\",\"position\":2,\"name\":\"MERCHANDISING\"}]},{\"@type\":\"WebSite\",\"@id\":\"https:\\\/\\\/nziria.com\\\/#website\",\"url\":\"https:\\\/\\\/nziria.com\\\/\",\"name\":\"NZIRIA\u00ae Official Cultural Brand and Independent Magazine Since 2004\",\"description\":\"Official Cultural Brand, Magazine &amp; Creative Platform Since 2004\",\"publisher\":{\"@id\":\"https:\\\/\\\/nziria.com\\\/#organization\"},\"alternateName\":\"NZIRIA\",\"potentialAction\":[{\"@type\":\"SearchAction\",\"target\":{\"@type\":\"EntryPoint\",\"urlTemplate\":\"https:\\\/\\\/nziria.com\\\/?s={search_term_string}\"},\"query-input\":{\"@type\":\"PropertyValueSpecification\",\"valueRequired\":true,\"valueName\":\"search_term_string\"}}],\"inLanguage\":\"it-IT\"},{\"@type\":\"Organization\",\"@id\":\"https:\\\/\\\/nziria.com\\\/#organization\",\"name\":\"NZIRIA APS\",\"alternateName\":\"NZIRIA Magazine\",\"url\":\"https:\\\/\\\/nziria.com\\\/\",\"logo\":{\"@type\":\"ImageObject\",\"inLanguage\":\"it-IT\",\"@id\":\"https:\\\/\\\/nziria.com\\\/#\\\/schema\\\/logo\\\/image\\\/\",\"url\":\"https:\\\/\\\/nziria.com\\\/wp-content\\\/uploads\\\/2026\\\/04\\\/logo-.png\",\"contentUrl\":\"https:\\\/\\\/nziria.com\\\/wp-content\\\/uploads\\\/2026\\\/04\\\/logo-.png\",\"width\":512,\"height\":512,\"caption\":\"NZIRIA APS\"},\"image\":{\"@id\":\"https:\\\/\\\/nziria.com\\\/#\\\/schema\\\/logo\\\/image\\\/\"},\"sameAs\":[\"https:\\\/\\\/www.facebook.com\\\/nziriagroup\",\"https:\\\/\\\/x.com\\\/NZIRIAgroup\",\"https:\\\/\\\/www.instagram.com\\\/nziria_travel\\\/\",\"https:\\\/\\\/www.pinterest.com\\\/nziriaweb\\\/\",\"https:\\\/\\\/www.youtube.com\\\/user\\\/NZIRIAgroup\",\"https:\\\/\\\/www.linkedin.com\\\/company\\\/nziria\\\/\",\"https:\\\/\\\/open.spotify.com\\\/playlist\\\/3qYSPpq4ptsARRJN5uE2TH?si=3b09c45eb8ee4a88\",\"https:\\\/\\\/www.tiktok.com\\\/@nziriamagazine?_t=8Vsab2ZriJp&_r=1\",\"https:\\\/\\\/www.instagram.com\\\/nziria_magazine\\\/\",\"https:\\\/\\\/www.instagram.com\\\/nziria__beer\\\/\"]}]}<\/script>\n<!-- \/ Yoast SEO plugin. -->","yoast_head_json":{"title":"NZIRIA Merchandising | Official NZIRIA\u00ae Cultural Products","description":"NZIRIA Merchandising offers official products supporting music events, cultural projects and the independent NZIRIA community.","robots":{"index":"index","follow":"follow","max-snippet":"max-snippet:-1","max-image-preview":"max-image-preview:large","max-video-preview":"max-video-preview:-1"},"canonical":"https:\/\/nziria.com\/it\/merchandising\/","og_locale":"it_IT","og_type":"article","og_title":"NZIRIA Merchandising | Official NZIRIA Products","og_description":"NZIRIA Merchandising offers official products supporting music events, cultural projects and the independent NZIRIA community.","og_url":"https:\/\/nziria.com\/it\/merchandising\/","og_site_name":"NZIRIA\u00ae","article_publisher":"https:\/\/www.facebook.com\/nziriagroup","article_modified_time":"2026-05-03T16:03:45+00:00","og_image":[{"width":1080,"height":1080,"url":"https:\/\/nziria.com\/wp-content\/uploads\/2024\/10\/NZIRIA-BEER-T-SHIRT-.jpg","type":"image\/jpeg"}],"twitter_card":"summary_large_image","twitter_title":"NZIRIA Merchandising | Official NZIRIA Products","twitter_description":"NZIRIA Merchandising offers official products supporting music events, cultural projects and the independent NZIRIA community.","twitter_image":"https:\/\/nziria.com\/wp-content\/uploads\/2024\/10\/NZIRIA-BEER-T-SHIRT-.jpg","twitter_site":"@NZIRIAgroup","twitter_misc":{"Tempo di lettura stimato":"1 minuto"},"schema":{"@context":"https:\/\/schema.org","@graph":[{"@type":"WebPage","@id":"https:\/\/nziria.com\/merchandising\/","url":"https:\/\/nziria.com\/merchandising\/","name":"NZIRIA Merchandising | Official NZIRIA\u00ae Cultural Products","isPartOf":{"@id":"https:\/\/nziria.com\/#website"},"primaryImageOfPage":{"@id":"https:\/\/nziria.com\/merchandising\/#primaryimage"},"image":{"@id":"https:\/\/nziria.com\/merchandising\/#primaryimage"},"thumbnailUrl":"https:\/\/nziria.com\/wp-content\/uploads\/2024\/10\/NZIRIA-BEER-T-SHIRT--1024x1024.jpg","datePublished":"2021-03-10T18:20:44+00:00","dateModified":"2026-05-03T16:03:45+00:00","description":"NZIRIA Merchandising offers official products supporting music events, cultural projects and the independent NZIRIA community.","breadcrumb":{"@id":"https:\/\/nziria.com\/merchandising\/#breadcrumb"},"inLanguage":"it-IT","potentialAction":[{"@type":"ReadAction","target":["https:\/\/nziria.com\/merchandising\/"]}]},{"@type":"ImageObject","inLanguage":"it-IT","@id":"https:\/\/nziria.com\/merchandising\/#primaryimage","url":"https:\/\/nziria.com\/wp-content\/uploads\/2024\/10\/NZIRIA-BEER-T-SHIRT--1024x1024.jpg","contentUrl":"https:\/\/nziria.com\/wp-content\/uploads\/2024\/10\/NZIRIA-BEER-T-SHIRT--1024x1024.jpg"},{"@type":"BreadcrumbList","@id":"https:\/\/nziria.com\/merchandising\/#breadcrumb","itemListElement":[{"@type":"ListItem","position":1,"name":"Home","item":"https:\/\/nziria.com\/"},{"@type":"ListItem","position":2,"name":"MERCHANDISING"}]},{"@type":"WebSite","@id":"https:\/\/nziria.com\/#website","url":"https:\/\/nziria.com\/","name":"NZIRIA\u00ae Marchio culturale ufficiale e rivista indipendente dal 2004","description":"Marchio culturale ufficiale, rivista e piattaforma creativa dal 2004","publisher":{"@id":"https:\/\/nziria.com\/#organization"},"alternateName":"NZIRIA","potentialAction":[{"@type":"SearchAction","target":{"@type":"EntryPoint","urlTemplate":"https:\/\/nziria.com\/?s={search_term_string}"},"query-input":{"@type":"PropertyValueSpecification","valueRequired":true,"valueName":"search_term_string"}}],"inLanguage":"it-IT"},{"@type":"Organization","@id":"https:\/\/nziria.com\/#organization","name":"NZIRIA APS","alternateName":"NZIRIA Magazine","url":"https:\/\/nziria.com\/","logo":{"@type":"ImageObject","inLanguage":"it-IT","@id":"https:\/\/nziria.com\/#\/schema\/logo\/image\/","url":"https:\/\/nziria.com\/wp-content\/uploads\/2026\/04\/logo-.png","contentUrl":"https:\/\/nziria.com\/wp-content\/uploads\/2026\/04\/logo-.png","width":512,"height":512,"caption":"NZIRIA APS"},"image":{"@id":"https:\/\/nziria.com\/#\/schema\/logo\/image\/"},"sameAs":["https:\/\/www.facebook.com\/nziriagroup","https:\/\/x.com\/NZIRIAgroup","https:\/\/www.instagram.com\/nziria_travel\/","https:\/\/www.pinterest.com\/nziriaweb\/","https:\/\/www.youtube.com\/user\/NZIRIAgroup","https:\/\/www.linkedin.com\/company\/nziria\/","https:\/\/open.spotify.com\/playlist\/3qYSPpq4ptsARRJN5uE2TH?si=3b09c45eb8ee4a88","https:\/\/www.tiktok.com\/@nziriamagazine?_t=8Vsab2ZriJp&_r=1","https:\/\/www.instagram.com\/nziria_magazine\/","https:\/\/www.instagram.com\/nziria__beer\/"]}]}},"_links":{"self":[{"href":"https:\/\/nziria.com\/it\/wp-json\/wp\/v2\/pages\/4010","targetHints":{"allow":["GET"]}}],"collection":[{"href":"https:\/\/nziria.com\/it\/wp-json\/wp\/v2\/pages"}],"about":[{"href":"https:\/\/nziria.com\/it\/wp-json\/wp\/v2\/types\/page"}],"author":[{"embeddable":true,"href":"https:\/\/nziria.com\/it\/wp-json\/wp\/v2\/users\/1"}],"replies":[{"embeddable":true,"href":"https:\/\/nziria.com\/it\/wp-json\/wp\/v2\/comments?post=4010"}],"version-history":[{"count":24,"href":"https:\/\/nziria.com\/it\/wp-json\/wp\/v2\/pages\/4010\/revisions"}],"predecessor-version":[{"id":10923,"href":"https:\/\/nziria.com\/it\/wp-json\/wp\/v2\/pages\/4010\/revisions\/10923"}],"wp:attachment":[{"href":"https:\/\/nziria.com\/it\/wp-json\/wp\/v2\/media?parent=4010"}],"curies":[{"name":"wp","href":"https:\/\/api.w.org\/{rel}","templated":true}]}}